{"id":969,"date":"2022-05-17T08:44:04","date_gmt":"2022-05-17T08:44:04","guid":{"rendered":"https:\/\/dolifemethod.com\/?post_type=product&#038;p=969"},"modified":"2025-01-27T10:27:53","modified_gmt":"2025-01-27T10:27:53","slug":"yoga-classes-at-the-dolife-yoga-studio","status":"publish","type":"product","link":"https:\/\/dolifemethod.com\/fi\/tuote\/yoga-classes-at-the-dolife-yoga-studio\/","title":{"rendered":"Joogatunnit DoLife Joogastudiolla"},"content":{"rendered":"<p>Voit maksaa tunnit my\u00f6s joogastudiolla. Maksuv\u00e4lineen\u00e4 k\u00e4y k\u00e4teinen, Smartum, Edenred,  Mobile Pay (DOLIFE 53933) sek\u00e4 useimmat kortit.<\/p>","protected":false},"excerpt":{"rendered":"<p>T\u00e4st\u00e4 voit ostaa joogakortit DoLife Joogastudiolle.<\/p>\n<p>Valitse haluatko maksaa yhden kerran vai 5, 10 tai 20 kerran kortin.<\/p>\n<p>Muista ilmoittautua tunneille\u00a0<a href=\"mailto:info@dolife.fi\" target=\"blank\" rel=\"noopener\">etuk\u00e4teen.<\/a><\/p>\n<p>Varaa paikkasi <a href=\"http:\/\/vello.fi\/dolife\/segment\/9db38b08\">t\u00e4\u00e4ll\u00e4.<\/a><\/p>","protected":false},"featured_media":1731,"template":"","meta":{"_seopress_robots_primary_cat":"none","_seopress_titles_title":"","_seopress_titles_desc":"","_seopress_robots_index":"","site-sidebar-layout":"default","site-content-layout":"default","ast-site-content-layout":"default","site-content-style":"default","site-sidebar-style":"default","ast-global-header-display":"","ast-banner-title-visibility":"","ast-main-header-display":"","ast-hfb-above-header-display":"","ast-hfb-below-header-display":"","ast-hfb-mobile-header-display":"","site-post-title":"","ast-breadcrumbs-content":"","ast-featured-img":"","footer-sml-layout":"","theme-transparent-header-meta":"default","adv-header-id-meta":"","stick-header-meta":"","header-above-stick-meta":"","header-main-stick-meta":"","header-below-stick-meta":"","astra-migrate-meta-layouts":"set","ast-page-background-enabled":"default","ast-page-background-meta":{"desktop":{"background-color":"var(--ast-global-color-4)","background-image":"","background-repeat":"repeat","background-position":"center center","background-size":"auto","background-attachment":"scroll","background-type":"","background-media":"","overlay-type":"","overlay-color":"","overlay-opacity":"","overlay-gradient":""},"tablet":{"background-color":"","background-image":"","background-repeat":"repeat","background-position":"center center","background-size":"auto","background-attachment":"scroll","background-type":"","background-media":"","overlay-type":"","overlay-color":"","overlay-opacity":"","overlay-gradient":""},"mobile":{"background-color":"","background-image":"","background-repeat":"repeat","background-position":"center center","background-size":"auto","background-attachment":"scroll","background-type":"","background-media":"","overlay-type":"","overlay-color":"","overlay-opacity":"","overlay-gradient":""}},"ast-content-background-meta":{"desktop":{"background-color":"var(--ast-global-color-5)","background-image":"","background-repeat":"repeat","background-position":"center center","background-size":"auto","background-attachment":"scroll","background-type":"","background-media":"","overlay-type":"","overlay-color":"","overlay-opacity":"","overlay-gradient":""},"tablet":{"background-color":"var(--ast-global-color-5)","background-image":"","background-repeat":"repeat","background-position":"center center","background-size":"auto","background-attachment":"scroll","background-type":"","background-media":"","overlay-type":"","overlay-color":"","overlay-opacity":"","overlay-gradient":""},"mobile":{"background-color":"var(--ast-global-color-5)","background-image":"","background-repeat":"repeat","background-position":"center center","background-size":"auto","background-attachment":"scroll","background-type":"","background-media":"","overlay-type":"","overlay-color":"","overlay-opacity":"","overlay-gradient":""}}},"product_cat":[23,24],"product_tag":[43,41,33,42,27,25],"class_list":{"0":"post-969","1":"product","2":"type-product","3":"status-publish","4":"has-post-thumbnail","6":"product_cat-ashtanga-yoga","7":"product_cat-dolife-yoga-studio","8":"product_tag-ashtanga-yoga","9":"product_tag-astangajooga","10":"product_tag-classes","11":"product_tag-jooga","12":"product_tag-studio","13":"product_tag-yoga","14":"desktop-align-left","15":"tablet-align-left","16":"mobile-align-left","18":"first","19":"instock","20":"taxable","21":"shipping-taxable","22":"purchasable","23":"product-type-variable"},"jetpack_sharing_enabled":true,"_links":{"self":[{"href":"https:\/\/dolifemethod.com\/fi\/wp-json\/wp\/v2\/product\/969","targetHints":{"allow":["GET"]}}],"collection":[{"href":"https:\/\/dolifemethod.com\/fi\/wp-json\/wp\/v2\/product"}],"about":[{"href":"https:\/\/dolifemethod.com\/fi\/wp-json\/wp\/v2\/types\/product"}],"wp:featuredmedia":[{"embeddable":true,"href":"https:\/\/dolifemethod.com\/fi\/wp-json\/wp\/v2\/media\/1731"}],"wp:attachment":[{"href":"https:\/\/dolifemethod.com\/fi\/wp-json\/wp\/v2\/media?parent=969"}],"wp:term":[{"taxonomy":"product_cat","embeddable":true,"href":"https:\/\/dolifemethod.com\/fi\/wp-json\/wp\/v2\/product_cat?post=969"},{"taxonomy":"product_tag","embeddable":true,"href":"https:\/\/dolifemethod.com\/fi\/wp-json\/wp\/v2\/product_tag?post=969"}],"curies":[{"name":"wp","href":"https:\/\/api.w.org\/{rel}","templated":true}]}}