{"id":951,"date":"2022-05-17T07:51:14","date_gmt":"2022-05-17T07:51:14","guid":{"rendered":"https:\/\/dolifemethod.com\/?post_type=product&#038;p=951"},"modified":"2025-11-12T11:23:27","modified_gmt":"2025-11-12T11:23:27","slug":"introduction-to-ashtanga-yoga-at-the-dolife-yoga-studio","status":"publish","type":"product","link":"https:\/\/dolifemethod.com\/fi\/tuote\/introduction-to-ashtanga-yoga-at-the-dolife-yoga-studio\/","title":{"rendered":"Astangajoogan alkeiskurssi DoLife Joogastudiolla"},"content":{"rendered":"<p>T\u00e4ll\u00e4 kurssilla k\u00e4ymme l\u00e4pi astangajoogan perusteet. Kurssin j\u00e4lkeen voit osallistua Virpin viikkotunneille.<\/p>\n<p>If you are an English speaker and interested in starting Ashtanga Yoga, please contact us at\u00a0<a href=\"mailto:info@dolife.fi\" target=\"_blank\" rel=\"noopener\">info@dolife.fi<\/a><\/p>","protected":false},"excerpt":{"rendered":"<p>Astangajoogan alkeiskurssi Virpin ohjauksessa. \n\nPlease contact us if you are looking to start, but do not understand Finnish.<\/p>\n<p>Seuraavat alkeiskurssit:<\/p>\n<p>Lauantaina 3.1.<span style=\"font-size: 16px; font-style: normal; font-weight: 400;\">2026 <\/span><span style=\"font-size: 16px;\">klo 11.00 - 13.00<\/span><\/p>\n<p>tai<\/p>\n<p>Perjantaina 23.1.2026 klo 17.30-19.30<\/p>","protected":false},"featured_media":952,"template":"","meta":{"_seopress_robots_primary_cat":"none","_seopress_titles_title":"","_seopress_titles_desc":"","_seopress_robots_index":"","site-sidebar-layout":"default","site-content-layout":"default","ast-site-content-layout":"default","site-content-style":"default","site-sidebar-style":"default","ast-global-header-display":"","ast-banner-title-visibility":"","ast-main-header-display":"","ast-hfb-above-header-display":"","ast-hfb-below-header-display":"","ast-hfb-mobile-header-display":"","site-post-title":"","ast-breadcrumbs-content":"","ast-featured-img":"","footer-sml-layout":"","theme-transparent-header-meta":"default","adv-header-id-meta":"","stick-header-meta":"","header-above-stick-meta":"","header-main-stick-meta":"","header-below-stick-meta":"","astra-migrate-meta-layouts":"set","ast-page-background-enabled":"default","ast-page-background-meta":{"desktop":{"background-color":"var(--ast-global-color-4)","background-image":"","background-repeat":"repeat","background-position":"center center","background-size":"auto","background-attachment":"scroll","background-type":"","background-media":"","overlay-type":"","overlay-color":"","overlay-opacity":"","overlay-gradient":""},"tablet":{"background-color":"","background-image":"","background-repeat":"repeat","background-position":"center center","background-size":"auto","background-attachment":"scroll","background-type":"","background-media":"","overlay-type":"","overlay-color":"","overlay-opacity":"","overlay-gradient":""},"mobile":{"background-color":"","background-image":"","background-repeat":"repeat","background-position":"center center","background-size":"auto","background-attachment":"scroll","background-type":"","background-media":"","overlay-type":"","overlay-color":"","overlay-opacity":"","overlay-gradient":""}},"ast-content-background-meta":{"desktop":{"background-color":"var(--ast-global-color-5)","background-image":"","background-repeat":"repeat","background-position":"center center","background-size":"auto","background-attachment":"scroll","background-type":"","background-media":"","overlay-type":"","overlay-color":"","overlay-opacity":"","overlay-gradient":""},"tablet":{"background-color":"var(--ast-global-color-5)","background-image":"","background-repeat":"repeat","background-position":"center center","background-size":"auto","background-attachment":"scroll","background-type":"","background-media":"","overlay-type":"","overlay-color":"","overlay-opacity":"","overlay-gradient":""},"mobile":{"background-color":"var(--ast-global-color-5)","background-image":"","background-repeat":"repeat","background-position":"center center","background-size":"auto","background-attachment":"scroll","background-type":"","background-media":"","overlay-type":"","overlay-color":"","overlay-opacity":"","overlay-gradient":""}}},"product_cat":[23,24],"product_tag":[26,27,25],"class_list":{"0":"post-951","1":"product","2":"type-product","3":"status-publish","4":"has-post-thumbnail","6":"product_cat-ashtanga-yoga","7":"product_cat-dolife-yoga-studio","8":"product_tag-ashtanga","9":"product_tag-studio","10":"product_tag-yoga","11":"desktop-align-left","12":"tablet-align-left","13":"mobile-align-left","15":"first","16":"instock","17":"taxable","18":"shipping-taxable","19":"purchasable","20":"product-type-simple"},"jetpack_sharing_enabled":true,"_links":{"self":[{"href":"https:\/\/dolifemethod.com\/fi\/wp-json\/wp\/v2\/product\/951","targetHints":{"allow":["GET"]}}],"collection":[{"href":"https:\/\/dolifemethod.com\/fi\/wp-json\/wp\/v2\/product"}],"about":[{"href":"https:\/\/dolifemethod.com\/fi\/wp-json\/wp\/v2\/types\/product"}],"wp:featuredmedia":[{"embeddable":true,"href":"https:\/\/dolifemethod.com\/fi\/wp-json\/wp\/v2\/media\/952"}],"wp:attachment":[{"href":"https:\/\/dolifemethod.com\/fi\/wp-json\/wp\/v2\/media?parent=951"}],"wp:term":[{"taxonomy":"product_cat","embeddable":true,"href":"https:\/\/dolifemethod.com\/fi\/wp-json\/wp\/v2\/product_cat?post=951"},{"taxonomy":"product_tag","embeddable":true,"href":"https:\/\/dolifemethod.com\/fi\/wp-json\/wp\/v2\/product_tag?post=951"}],"curies":[{"name":"wp","href":"https:\/\/api.w.org\/{rel}","templated":true}]}}