{"id":3610,"date":"2026-02-20T07:18:14","date_gmt":"2026-02-20T07:18:14","guid":{"rendered":"https:\/\/dolifemethod.com\/?post_type=product&#038;p=3610"},"modified":"2026-02-20T07:24:32","modified_gmt":"2026-02-20T07:24:32","slug":"dolife-kesaretriitti-2026-joogaa-ja-hyvinvointia","status":"publish","type":"product","link":"https:\/\/dolifemethod.com\/fi\/tuote\/dolife-kesaretriitti-2026-joogaa-ja-hyvinvointia\/","title":{"rendered":"DOLIFE-KES\u00c4RETRIITTI 2026 &#8211; joogaa ja hyvinvointia"},"content":{"rendered":"<p>Joogaharjoitukset aamuisin.<\/p>\n<p>Iltap\u00e4ivisin muuta ohjattua ohjelmaa.<\/p>\n<p><strong>HINNAT:<\/strong><\/p>\n<p>KURSSIOHJELMA<\/p>\n<p>ke-su 320 \u20ac \/ hl\u00f6<\/p>\n<p>MAJOITUS JA RUOKAILUT (T\u00c4YSIHOITO) ke-su<\/p>\n<p><strong>Parivuodehuone:\u00a0<\/strong><br \/>\nHinta\u00a0 1 hengelle 650 \u20ac\/hl\u00f6<\/p>\n<p>Hinta 2 hengelle 555 \u20ac\/hl\u00f6<\/p>\n<p><strong>1-hh:\u00a0<\/strong><br \/>\nHinta 580,00 \u20ac\/hl\u00f6<\/p>\n<p><strong>2-hh:<\/strong><br \/>\nHinta 555,00 \u20ac\/hl\u00f6<\/p>\n<p><strong>Yhteistilas\u00e4nky:<\/strong><br \/>\nHinta 505,00 \u20ac\/hl\u00f6<\/p>\n<p>Herkullinen kasvis-\/vegaani-\/kalaruoka.<\/p>\n<p>Hintoihin ei sis\u00e4lly kuljetusta kurssipaikalle.<\/p>\n<p>Jos haluat osallistua lyhyemm\u00e4ksi ajaksi, kysy hintoja erikseen.<\/p>\n<p>VARAA PAIKKASI<\/p>\n<p>Varaa paikkasi kurssilla l\u00e4hett\u00e4m\u00e4ll\u00e4 s\u00e4hk\u00f6postia:\u00a0<a href=\"mailto:info@dolife.fi?subject=Kes\u00e4retriitti\">info@dolife.fi<\/a><\/p>\n<p>Kerrothan ilmoittautuessasi:<br \/>\n\u2013 mihin joogaryhm\u00e4\u00e4n haluaisit osallistua (aloitus 6:30 &#8211; 8:00)<br \/>\n\u2013 kuinka pitk\u00e4 (mysore)harjoituksesi on<br \/>\n\u2013 toivomasi majoitusvaihtoehdon ja mahdollisen huonetoverin nimen<br \/>\n\u2013 ruoka-aineallergiat ja erikoisruokavaliot<\/p>\n<p>MAKSUT<\/p>\n<p><strong>Haluamme tarjota henkil\u00f6kohtaista ohjausta, joten rajoitamme osallistujam\u00e4\u00e4r\u00e4\u00e4. Toimi siis pian! Saat tarkemmat ohjeet kurssimaksun maksamisesta, kun olet varannut paikkasi s\u00e4hk\u00f6postilla.<\/strong><\/p>\n<p>Voit maksaa kurssiohjelmaosuuden my\u00f6s Smartum\/Virike\/ Edenred\/ePassi\/eazybreak -maksutavoilla.<\/p>\n<p><em>PERUUTUSEHDOT<\/em><\/p>\n<p>Ilmoittautuminen on sitova, esteen sattuessa varausmaksua ei palauteta. Varausmaksu palautetaan vain, jos kurssi peruuntuu.<\/p>\n<p>30.4.2026. j\u00e4lkeen tehdyist\u00e4 peruutuksista veloitetaan 80 % maksuista. Jos perut alle 14 p\u00e4iv\u00e4\u00e4 ennen kurssiajankohtaa, veloitetaan t\u00e4ydet kurssimaksut \/ maksuja ei palauteta.<\/p>\n<p>Jos peruutuksesi johtuu sairastumisesta, otathan yhteytt\u00e4.<\/p>\n<p>Peruutus on teht\u00e4v\u00e4 aina kirjallisesti s\u00e4hk\u00f6postilla osoitteeseen info@dolife.fi<\/p>\n<p>Mik\u00e4li joudumme peruuttamaan retriitin omasta puolestamme (force majeure), palautetaan kaikki maksut.<\/p>\n<p>&nbsp;<\/p>\n<p>Pid\u00e4th\u00e4n huolta, ett\u00e4 sinulla on voimassaoleva vapaa-ajan\/tapaturmavakuutus, joka kattaa my\u00f6s peruutuksen.<\/p>","protected":false},"excerpt":{"rendered":"<h5>TULE MUKAAN RENTOUTTAVALLE JOOGARETRIITILLE<\/h5>\n<h5>KESKIVIIKOSTA SUNNUNTAIHIN 1.\/2.*- 5.7.2026<\/h5>\n<p>historialliseen Vanhaan Passiin Karjalohjalle<\/p>\n<p><span style=\"font-size: 1.2em; font-weight: bold;\">JOOGA<\/span><\/p>\n<p>T\u00e4ll\u00e4 retriitill\u00e4 keskityt joogaamaan ja rentoutumaan. Teet Virpin ohjauksessa sinulle sopivan astangajoogaharjoituksen kerran p\u00e4iv\u00e4ss\u00e4 Mysore-harjoituksena enemm\u00e4n tai v\u00e4hemm\u00e4n omaan tahtiin.<\/p>\n<h5>MEDITAATIOTA, SYV\u00c4RENTOUTUSTA, HENGITYSHARJOITUKSIA<\/h5>\n<p>Ohjelmassa on my\u00f6s syv\u00e4sti rentouttavia iRest\u00ae Yoga Nidra -meditaatioharjoituksia, pranayamaa ja muuta ohjelmaa.<\/p>\n<h5>KENELLE?<\/h5>\n<p>T\u00e4m\u00e4 retriitti on tarkoitettu juuri sinun hyvinvointiasi lis\u00e4\u00e4m\u00e4\u00e4n oletpa kokenut astangajoogi tai vasta v\u00e4h\u00e4n aikaa sitten astangajoogan aloittanut.<\/p>\n<p>Ohjelmaan mahtuu my\u00f6s rentoutumista luonnossa uskomattoman kauniissa ymp\u00e4rist\u00f6ss\u00e4 ja mukavaa yhdess\u00e4oloa.<\/p>\n<p>*Tarvittaessa voit tulla mukaan vasta torstaina 2.7.<\/p>\n<p>Varaa paikkasi\u00a0 <a href=\"mailto:info@dolife.fi\" target=\"blank\" rel=\"noopener\">info@dolife.fi<\/a><\/p>\n<p>&nbsp;<\/p>","protected":false},"featured_media":3141,"template":"","meta":{"_seopress_robots_primary_cat":"none","_seopress_titles_title":"DoLife-kes\u00e4retriitti 2026","_seopress_titles_desc":"Jooga- ja hyvinvointiretriitti 1.\/2.-5.7.2026 Karjalohjalla Vanhassa Passissa.","_seopress_robots_index":"","site-sidebar-layout":"default","site-content-layout":"default","ast-site-content-layout":"default","site-content-style":"default","site-sidebar-style":"default","ast-global-header-display":"","ast-banner-title-visibility":"","ast-main-header-display":"","ast-hfb-above-header-display":"","ast-hfb-below-header-display":"","ast-hfb-mobile-header-display":"","site-post-title":"","ast-breadcrumbs-content":"","ast-featured-img":"","footer-sml-layout":"","theme-transparent-header-meta":"default","adv-header-id-meta":"","stick-header-meta":"","header-above-stick-meta":"","header-main-stick-meta":"","header-below-stick-meta":"","astra-migrate-meta-layouts":"set","ast-page-background-enabled":"default","ast-page-background-meta":{"desktop":{"background-color":"var(--ast-global-color-4)","background-image":"","background-repeat":"repeat","background-position":"center center","background-size":"auto","background-attachment":"scroll","background-type":"","background-media":"","overlay-type":"","overlay-color":"","overlay-opacity":"","overlay-gradient":""},"tablet":{"background-color":"","background-image":"","background-repeat":"repeat","background-position":"center center","background-size":"auto","background-attachment":"scroll","background-type":"","background-media":"","overlay-type":"","overlay-color":"","overlay-opacity":"","overlay-gradient":""},"mobile":{"background-color":"","background-image":"","background-repeat":"repeat","background-position":"center center","background-size":"auto","background-attachment":"scroll","background-type":"","background-media":"","overlay-type":"","overlay-color":"","overlay-opacity":"","overlay-gradient":""}},"ast-content-background-meta":{"desktop":{"background-color":"var(--ast-global-color-5)","background-image":"","background-repeat":"repeat","background-position":"center center","background-size":"auto","background-attachment":"scroll","background-type":"","background-media":"","overlay-type":"","overlay-color":"","overlay-opacity":"","overlay-gradient":""},"tablet":{"background-color":"var(--ast-global-color-5)","background-image":"","background-repeat":"repeat","background-position":"center center","background-size":"auto","background-attachment":"scroll","background-type":"","background-media":"","overlay-type":"","overlay-color":"","overlay-opacity":"","overlay-gradient":""},"mobile":{"background-color":"var(--ast-global-color-5)","background-image":"","background-repeat":"repeat","background-position":"center center","background-size":"auto","background-attachment":"scroll","background-type":"","background-media":"","overlay-type":"","overlay-color":"","overlay-opacity":"","overlay-gradient":""}}},"product_cat":[23,53,24,50],"product_tag":[89,91,90],"class_list":{"0":"post-3610","1":"product","2":"type-product","3":"status-publish","4":"has-post-thumbnail","6":"product_cat-ashtanga-yoga","7":"product_cat-dolife-in-vihti","8":"product_cat-dolife-yoga-studio","9":"product_cat-retreats","10":"product_tag-astanga","11":"product_tag-joogaretriitti","12":"product_tag-retriitti","13":"desktop-align-left","14":"tablet-align-left","15":"mobile-align-left","17":"first","18":"instock","19":"taxable","20":"shipping-taxable","21":"product-type-simple"},"jetpack_sharing_enabled":true,"_links":{"self":[{"href":"https:\/\/dolifemethod.com\/fi\/wp-json\/wp\/v2\/product\/3610","targetHints":{"allow":["GET"]}}],"collection":[{"href":"https:\/\/dolifemethod.com\/fi\/wp-json\/wp\/v2\/product"}],"about":[{"href":"https:\/\/dolifemethod.com\/fi\/wp-json\/wp\/v2\/types\/product"}],"wp:featuredmedia":[{"embeddable":true,"href":"https:\/\/dolifemethod.com\/fi\/wp-json\/wp\/v2\/media\/3141"}],"wp:attachment":[{"href":"https:\/\/dolifemethod.com\/fi\/wp-json\/wp\/v2\/media?parent=3610"}],"wp:term":[{"taxonomy":"product_cat","embeddable":true,"href":"https:\/\/dolifemethod.com\/fi\/wp-json\/wp\/v2\/product_cat?post=3610"},{"taxonomy":"product_tag","embeddable":true,"href":"https:\/\/dolifemethod.com\/fi\/wp-json\/wp\/v2\/product_tag?post=3610"}],"curies":[{"name":"wp","href":"https:\/\/api.w.org\/{rel}","templated":true}]}}