{"id":3123,"date":"2024-02-10T09:35:47","date_gmt":"2024-02-10T09:35:47","guid":{"rendered":"https:\/\/dolifemethod.com\/?post_type=product&#038;p=3123"},"modified":"2025-05-01T00:33:03","modified_gmt":"2025-05-01T00:33:03","slug":"unstoppable-vapauta-sisainen-voimasi-verkkovalmennus","status":"publish","type":"product","link":"https:\/\/dolifemethod.com\/fi\/tuote\/unstoppable-vapauta-sisainen-voimasi-verkkovalmennus\/","title":{"rendered":"UNSTOPPABLE &#8211; Vapauta sis\u00e4inen voimasi -verkkovalmennus"},"content":{"rendered":"<p>Unstoppable-valmennuksessa k\u00e4ymme l\u00e4pi erilaisia konkreettisia ty\u00f6kaluja ja<\/p>\n<p>harjoituksia, joita sinun on helppo toteuttaa my\u00f6s valmennuksen j\u00e4lkeen.<\/p>\n<p>Ohjaan sinua kuuden viikon ajan kohti uutta, pys\u00e4ytt\u00e4m\u00e4t\u00f6nt\u00e4, autenttista Sinua!<\/p>\n<p>Etsimme ongelmiesi juurisyit\u00e4 ja teemme muutoksia alitajunnan tasolla hypnoosin<\/p>\n<p>avulla.<\/p>\n<p>Teemme yhdess\u00e4 my\u00f6s erilaisia kehon ja mielen harjoituksia &#8211; mm. iRest-meditaatiota<\/p>\n<p>ja hengitysharjoituksia.<\/p>\n<p>Aloita Unstoppable-valmennus nyt, palauta el\u00e4m\u00e4nilosi ja elinvoimasi ja ala<\/p>\n<p>el\u00e4m\u00e4\u00e4n omaa el\u00e4m\u00e4\u00e4si ilman rajoittavia uskomuksia!<\/p>\n<p>T\u00e4m\u00e4 6 viikon valmennusohjelma sis\u00e4lt\u00e4\u00e4 viikottain joko valmennuksen tai voimaannuttavan hypnoosin.<\/p>\n<p>Teemme my\u00f6s ohjattuja meditaatioita ja muita harjoituksia.<\/p>\n<p>P\u00e4\u00e4set aloittamaan ohjelman heti ostettuasi sen.<\/p>\n<p>&nbsp;<\/p>\n<p>&nbsp;<\/p>\n<p>&nbsp;<\/p>","protected":false},"excerpt":{"rendered":"<h5><\/h5>\n<p class=\"cvGsUA direction-ltr align-center para-style-body\"><span class=\"OYPEnA text-decoration-none text-strikethrough-none\">\u00a0Unstoppable-valmennuksessa o<\/span><span class=\"OYPEnA text-decoration-none text-strikethrough-none\">hjaan sinua kuuden viikon ajan kohti uutta, pys\u00e4ytt\u00e4m\u00e4t\u00f6nt\u00e4, autenttista Sinua!<\/span><\/p>\n<p class=\"cvGsUA direction-ltr align-center para-style-body\"><span class=\"OYPEnA text-decoration-none text-strikethrough-none\">Etsimme ongelmiesi juurisyit\u00e4 ja teemme muutoksia alitajunnan tasolla hypnoosin avulla.<\/span><\/p>\n<p class=\"cvGsUA direction-ltr align-center para-style-body\"><span class=\"OYPEnA text-decoration-none text-strikethrough-none\">Teemme yhdess\u00e4 my\u00f6s erilaisia kehon ja mielen harjoituksia.<\/span><\/p>\n<p class=\"cvGsUA direction-ltr align-center para-style-body\"><span class=\"OYPEnA text-decoration-none text-strikethrough-none\">Aloita Unstoppable-valmennus nyt, palauta el\u00e4m\u00e4nilosi ja elinvoimasi ja ala el\u00e4m\u00e4\u00e4n omaa el\u00e4m\u00e4\u00e4si ilman rajoittavia uskomuksia!<\/span><\/p>\n<p>Jos haluat lis\u00e4t\u00e4 verkkovalmennukseen live-valmennussession (45-60 min), saat sen etuhintaan 111\u20ac (normaalisti 139\u20ac) koodilla UNSTOPPABLE2025.<\/p>\n<p><a href=\"http:\/\/vello.fi\/dolife\/segment\/0b7f47cd\">Varaa maksuton puhelinaika<\/a>, jos olet kiinnostunut henkil\u00f6kohtaisesta terapiasta tai valmennuksesta.<\/p>","protected":false},"featured_media":3136,"template":"","meta":{"_seopress_robots_primary_cat":"none","_seopress_titles_title":"UNSTOPPABLE - Vapauta sis\u00e4inen voimasi -verkkovalmennus","_seopress_titles_desc":"T\u00e4ss\u00e4  6-viikon live verkkovalmennuksessa keskitymme vapauttamaan sinua el\u00e4m\u00e4\u00e4n omann\u00e4k\u00f6ist\u00e4si el\u00e4m\u00e4\u00e4. Palauta iloa el\u00e4m\u00e4\u00e4si. Tule mukaan!","_seopress_robots_index":"","site-sidebar-layout":"default","site-content-layout":"default","ast-site-content-layout":"default","site-content-style":"default","site-sidebar-style":"default","ast-global-header-display":"","ast-banner-title-visibility":"","ast-main-header-display":"","ast-hfb-above-header-display":"","ast-hfb-below-header-display":"","ast-hfb-mobile-header-display":"","site-post-title":"","ast-breadcrumbs-content":"","ast-featured-img":"","footer-sml-layout":"","theme-transparent-header-meta":"default","adv-header-id-meta":"","stick-header-meta":"","header-above-stick-meta":"","header-main-stick-meta":"","header-below-stick-meta":"","astra-migrate-meta-layouts":"set","ast-page-background-enabled":"default","ast-page-background-meta":{"desktop":{"background-color":"var(--ast-global-color-4)","background-image":"","background-repeat":"repeat","background-position":"center center","background-size":"auto","background-attachment":"scroll","background-type":"","background-media":"","overlay-type":"","overlay-color":"","overlay-opacity":"","overlay-gradient":""},"tablet":{"background-color":"","background-image":"","background-repeat":"repeat","background-position":"center center","background-size":"auto","background-attachment":"scroll","background-type":"","background-media":"","overlay-type":"","overlay-color":"","overlay-opacity":"","overlay-gradient":""},"mobile":{"background-color":"","background-image":"","background-repeat":"repeat","background-position":"center center","background-size":"auto","background-attachment":"scroll","background-type":"","background-media":"","overlay-type":"","overlay-color":"","overlay-opacity":"","overlay-gradient":""}},"ast-content-background-meta":{"desktop":{"background-color":"var(--ast-global-color-5)","background-image":"","background-repeat":"repeat","background-position":"center center","background-size":"auto","background-attachment":"scroll","background-type":"","background-media":"","overlay-type":"","overlay-color":"","overlay-opacity":"","overlay-gradient":""},"tablet":{"background-color":"var(--ast-global-color-5)","background-image":"","background-repeat":"repeat","background-position":"center center","background-size":"auto","background-attachment":"scroll","background-type":"","background-media":"","overlay-type":"","overlay-color":"","overlay-opacity":"","overlay-gradient":""},"mobile":{"background-color":"var(--ast-global-color-5)","background-image":"","background-repeat":"repeat","background-position":"center center","background-size":"auto","background-attachment":"scroll","background-type":"","background-media":"","overlay-type":"","overlay-color":"","overlay-opacity":"","overlay-gradient":""}}},"product_cat":[44,39,58,45],"product_tag":[82,49,80,78,29,81,47,46,48],"class_list":{"0":"post-3123","1":"product","2":"type-product","3":"status-publish","4":"has-post-thumbnail","6":"product_cat-dolife-method","7":"product_cat-online-courses","8":"product_cat-online-courses-and-classes","9":"product_cat-therapy-and-coaching","10":"product_tag-clarity","11":"product_tag-coaching","12":"product_tag-goals","13":"product_tag-hypnotherapy","14":"product_tag-irest","15":"product_tag-online-course","16":"product_tag-rtc","17":"product_tag-rtt","18":"product_tag-therapy","19":"desktop-align-left","20":"tablet-align-left","21":"mobile-align-left","23":"first","24":"instock","25":"virtual","26":"taxable","27":"purchasable","28":"product-type-simple"},"jetpack_sharing_enabled":true,"_links":{"self":[{"href":"https:\/\/dolifemethod.com\/fi\/wp-json\/wp\/v2\/product\/3123","targetHints":{"allow":["GET"]}}],"collection":[{"href":"https:\/\/dolifemethod.com\/fi\/wp-json\/wp\/v2\/product"}],"about":[{"href":"https:\/\/dolifemethod.com\/fi\/wp-json\/wp\/v2\/types\/product"}],"wp:featuredmedia":[{"embeddable":true,"href":"https:\/\/dolifemethod.com\/fi\/wp-json\/wp\/v2\/media\/3136"}],"wp:attachment":[{"href":"https:\/\/dolifemethod.com\/fi\/wp-json\/wp\/v2\/media?parent=3123"}],"wp:term":[{"taxonomy":"product_cat","embeddable":true,"href":"https:\/\/dolifemethod.com\/fi\/wp-json\/wp\/v2\/product_cat?post=3123"},{"taxonomy":"product_tag","embeddable":true,"href":"https:\/\/dolifemethod.com\/fi\/wp-json\/wp\/v2\/product_tag?post=3123"}],"curies":[{"name":"wp","href":"https:\/\/api.w.org\/{rel}","templated":true}]}}