{"id":2955,"date":"2023-05-24T14:21:48","date_gmt":"2023-05-24T14:21:48","guid":{"rendered":"https:\/\/dolifemethod.com\/?post_type=product&#038;p=2955"},"modified":"2024-05-21T01:45:01","modified_gmt":"2024-05-21T01:45:01","slug":"oman-elamasi-innostaja-ryhmahypnoosi","status":"publish","type":"product","link":"https:\/\/dolifemethod.com\/fi\/tuote\/oman-elamasi-innostaja-ryhmahypnoosi\/","title":{"rendered":"OMAN EL\u00c4M\u00c4SI INNOSTAJA -ryhm\u00e4hypnoosi"},"content":{"rendered":"<p><em>PAIKKA<\/em><\/p>\n<p>Sessio toteutetaan Zoomin v\u00e4lityksell\u00e4, joten voit osallistua mukavasti kotoasi k\u00e4sin.<\/p>\n<p><em>OHJELMA<\/em><\/p>\n<p>Pienen alustuksen ja rentotumisharjoituksen j\u00e4lkeen teemme ryhm\u00e4hypnoosin, jossa regression avulla p\u00e4\u00e4semme etsim\u00e4\u00e4n alitajunnastasi etenemist\u00e4si rajoittavia uskomuksia ja tunnistamme tapahtumia ja muistoja, jotka ovat juursyit\u00e4 negatiiviseen sis\u00e4iseen puheeseen tai siihen, ett\u00e4 et ehk\u00e4 usko itseesi tai mahdollisuuksiisi saavuttaa tavoitteitasi.<\/p>\n<p>Sin\u00e4 olet arvokas ja kykenev\u00e4 saavuttamaan unelmiasi. Asennamme alitajuntaasi sinulle oman sis\u00e4isen kannustajan\u00a0ja saat viel\u00e4 transformatiivisen \u00e4\u00e4nitteen mukaasi vahvistamaan sit\u00e4.<br \/>\nLopuksi on viel\u00e4 hetki aikaa kysymyksille.<\/p>\n<p><em>VALMISTAUTUMINEN<\/em><\/p>\n<p>Varmista, ett\u00e4 sinulla on rauhallinen ymp\u00e4rist\u00f6, jossa voit sulkea silm\u00e4si, tuntea olosi turvalliseksi ja keskitty\u00e4 ilman h\u00e4iri\u00f6it\u00e4. Voit my\u00f6s halutessasi pit\u00e4\u00e4 kameran ja mikrofonin pois p\u00e4\u00e4lt\u00e4 s\u00e4ilytt\u00e4\u00e4ksesi yksityisyytesi.<\/p>\n<p>Hypnoosi on turvallinen, sin\u00e4 olet koko ajan kontrollissa. Useimmat kokevat sen l\u00e4hinn\u00e4 rentoutuneena olotilana.<\/p>\n<p><em>\u00c4\u00c4NITE<\/em><\/p>\n<p>Session p\u00e4\u00e4tteeksi tehd\u00e4\u00e4n transformaatio, josta saat \u00e4\u00e4nitteen itsellesi session j\u00e4lkeen. Koska mielemme oppii toistamalla, \u00e4\u00e4nitett\u00e4 on hyv\u00e4 kuunnella p\u00e4ivitt\u00e4in my\u00f6s t\u00e4m\u00e4n session j\u00e4lkeen. \u00c4\u00e4nitteen kuunteleminen auttaa juurruttamaan alitajuntaasi oman sis\u00e4isen innostajasi ja uudenlaista, rohkaisevaa sis\u00e4ist\u00e4 puhetta.<\/p>\n<p><em>LIS\u00c4BONUS<\/em><\/p>\n<p>Halutessasi voit varata t\u00e4m\u00e4n session j\u00e4lkeen <a href=\"http:\/\/vello.fi\/dolife\/segment\/0b7f47cd\">maksuttoman 30 minuutin puhelun<\/a> kanssani, jossa voimme k\u00e4sitell\u00e4 ilman muita kuuntelijoita mahdollisesti her\u00e4nneit\u00e4 kysymyksi\u00e4 ja\/tai henkil\u00f6kohtaisen RTT-hypnoterapian tarjoamia mahdollisuuksia, mik\u00e4li olet kiinnostunut jatkamaan prosessia.<\/p>\n<p><em>RAJOITUKSET<\/em><\/p>\n<p>Huomaathan, ett\u00e4 et voi osallistua, jos k\u00e4rsit epilepsiasta tai jostain psykoosin muodosta. Siin\u00e4 tapauksessa voit varata maksuttoman puhelinajan ja katsotaan miten voin parhaiten auttaa sinua.<\/p>\n<p>Varaa paikkasi ryhm\u00e4hypnoosiin: <a href=\"http:\/\/vello.fi\/dolife\/segment\/0b7f47cd\">vello.fi\/dolife<\/a>\u00a0tai ota yhteytt\u00e4 Virpiin\u00a0<a href=\"mailto:info@dolife.fi\">virpi@dolife.fi<\/a>.<\/p>","protected":false},"excerpt":{"rendered":"<p>Tervetuloa voimaannuttavaan ryhm\u00e4hypnoosisessioon. T\u00e4m\u00e4 ryhm\u00e4hypnoosisessio on suunnattu sinulle, joka haluat saada lis\u00e4\u00e4 rohkeutta, uskoa itseesi ja motivaatiota tavoitteittesi saavuttamiseksi.<\/p>\n<p>Sessio toteutetaan Zoomin v\u00e4lityksell\u00e4, joten voit osallistua mukavasti kotoasi k\u00e4sin.<\/p>","protected":false},"featured_media":2952,"template":"","meta":{"_seopress_robots_primary_cat":"none","_seopress_titles_title":"","_seopress_titles_desc":"","_seopress_robots_index":"","site-sidebar-layout":"default","site-content-layout":"default","ast-site-content-layout":"default","site-content-style":"default","site-sidebar-style":"default","ast-global-header-display":"","ast-banner-title-visibility":"","ast-main-header-display":"","ast-hfb-above-header-display":"","ast-hfb-below-header-display":"","ast-hfb-mobile-header-display":"","site-post-title":"","ast-breadcrumbs-content":"","ast-featured-img":"","footer-sml-layout":"","theme-transparent-header-meta":"default","adv-header-id-meta":"","stick-header-meta":"","header-above-stick-meta":"","header-main-stick-meta":"","header-below-stick-meta":"","astra-migrate-meta-layouts":"set","ast-page-background-enabled":"default","ast-page-background-meta":{"desktop":{"background-color":"var(--ast-global-color-4)","background-image":"","background-repeat":"repeat","background-position":"center center","background-size":"auto","background-attachment":"scroll","background-type":"","background-media":"","overlay-type":"","overlay-color":"","overlay-opacity":"","overlay-gradient":""},"tablet":{"background-color":"","background-image":"","background-repeat":"repeat","background-position":"center center","background-size":"auto","background-attachment":"scroll","background-type":"","background-media":"","overlay-type":"","overlay-color":"","overlay-opacity":"","overlay-gradient":""},"mobile":{"background-color":"","background-image":"","background-repeat":"repeat","background-position":"center center","background-size":"auto","background-attachment":"scroll","background-type":"","background-media":"","overlay-type":"","overlay-color":"","overlay-opacity":"","overlay-gradient":""}},"ast-content-background-meta":{"desktop":{"background-color":"var(--ast-global-color-5)","background-image":"","background-repeat":"repeat","background-position":"center center","background-size":"auto","background-attachment":"scroll","background-type":"","background-media":"","overlay-type":"","overlay-color":"","overlay-opacity":"","overlay-gradient":""},"tablet":{"background-color":"var(--ast-global-color-5)","background-image":"","background-repeat":"repeat","background-position":"center center","background-size":"auto","background-attachment":"scroll","background-type":"","background-media":"","overlay-type":"","overlay-color":"","overlay-opacity":"","overlay-gradient":""},"mobile":{"background-color":"var(--ast-global-color-5)","background-image":"","background-repeat":"repeat","background-position":"center center","background-size":"auto","background-attachment":"scroll","background-type":"","background-media":"","overlay-type":"","overlay-color":"","overlay-opacity":"","overlay-gradient":""}}},"product_cat":[21,44,39,58,45],"product_tag":[87,88,78],"class_list":{"0":"post-2955","1":"product","2":"type-product","3":"status-publish","4":"has-post-thumbnail","6":"product_cat-uncategorized","7":"product_cat-dolife-method","8":"product_cat-online-courses","9":"product_cat-online-courses-and-classes","10":"product_cat-therapy-and-coaching","11":"product_tag-hypnoosi","12":"product_tag-hypnosis","13":"product_tag-hypnotherapy","14":"desktop-align-left","15":"tablet-align-left","16":"mobile-align-left","18":"first","19":"instock","20":"virtual","21":"taxable","22":"purchasable","23":"product-type-simple"},"jetpack_sharing_enabled":true,"_links":{"self":[{"href":"https:\/\/dolifemethod.com\/fi\/wp-json\/wp\/v2\/product\/2955","targetHints":{"allow":["GET"]}}],"collection":[{"href":"https:\/\/dolifemethod.com\/fi\/wp-json\/wp\/v2\/product"}],"about":[{"href":"https:\/\/dolifemethod.com\/fi\/wp-json\/wp\/v2\/types\/product"}],"wp:featuredmedia":[{"embeddable":true,"href":"https:\/\/dolifemethod.com\/fi\/wp-json\/wp\/v2\/media\/2952"}],"wp:attachment":[{"href":"https:\/\/dolifemethod.com\/fi\/wp-json\/wp\/v2\/media?parent=2955"}],"wp:term":[{"taxonomy":"product_cat","embeddable":true,"href":"https:\/\/dolifemethod.com\/fi\/wp-json\/wp\/v2\/product_cat?post=2955"},{"taxonomy":"product_tag","embeddable":true,"href":"https:\/\/dolifemethod.com\/fi\/wp-json\/wp\/v2\/product_tag?post=2955"}],"curies":[{"name":"wp","href":"https:\/\/api.w.org\/{rel}","templated":true}]}}