{"id":2734,"date":"2022-11-21T12:43:57","date_gmt":"2022-11-21T12:43:57","guid":{"rendered":"https:\/\/dolifemethod.com\/?post_type=product&#038;p=2734"},"modified":"2022-11-24T06:25:15","modified_gmt":"2022-11-24T06:25:15","slug":"gift-card","status":"publish","type":"product","link":"https:\/\/dolifemethod.com\/fi\/tuote\/gift-card\/","title":{"rendered":"Lahjakortti"},"content":{"rendered":"<p>Valitse lahjakortin arvo ja aihe.<\/p>\n<p>Kerro tilauksessasi:<\/p>\n<ul>\n<li>Lahjakortin saajan nimi, jos haluat sen valmiiksi korttiin<\/li>\n<li>S\u00e4hk\u00f6postiosoite, johon lahjakortti toimitetaan - joko sinun tai lahjan saajan<\/li>\n<\/ul>\n<p>Lahjakortit l\u00e4hetet\u00e4\u00e4n yleens\u00e4 72 h sis\u00e4ll\u00e4.<\/p>","protected":false},"excerpt":{"rendered":"<p>Lahjakortit l\u00e4hetet\u00e4\u00e4n s\u00e4hk\u00f6postitse.<\/p>\n<p>Jos haluat lahjakortin muulle summalle,\u00a0 <a href=\"https:\/\/dolifemethod.com\/fi\/?post_type=popup&amp;p=1964\">Ota yhteytt\u00e4<\/a><\/p>\n<p>Kerro tilauksessasi:<\/p>\n<ul>\n<li>Lahjakortin saajan nimi, jos haluat sen valmiiksi korttiin<\/li>\n<li>S\u00e4hk\u00f6postiosoite, johon lahjakortti toimitetaan - joko sinun tai lahjan saajan<\/li>\n<\/ul>\n<p>Lahjakortit l\u00e4hetet\u00e4\u00e4n yleens\u00e4 72 h sis\u00e4ll\u00e4.<\/p>","protected":false},"featured_media":2763,"template":"","meta":{"_seopress_robots_primary_cat":"","_seopress_titles_title":"","_seopress_titles_desc":"","_seopress_robots_index":"","site-sidebar-layout":"default","site-content-layout":"default","ast-site-content-layout":"","site-content-style":"default","site-sidebar-style":"default","ast-global-header-display":"","ast-banner-title-visibility":"","ast-main-header-display":"","ast-hfb-above-header-display":"","ast-hfb-below-header-display":"","ast-hfb-mobile-header-display":"","site-post-title":"","ast-breadcrumbs-content":"","ast-featured-img":"","footer-sml-layout":"","theme-transparent-header-meta":"default","adv-header-id-meta":"","stick-header-meta":"","header-above-stick-meta":"","header-main-stick-meta":"","header-below-stick-meta":"","astra-migrate-meta-layouts":"default","ast-page-background-enabled":"default","ast-page-background-meta":{"desktop":{"background-color":"var(--ast-global-color-4)","background-image":"","background-repeat":"repeat","background-position":"center center","background-size":"auto","background-attachment":"scroll","background-type":"","background-media":"","overlay-type":"","overlay-color":"","overlay-opacity":"","overlay-gradient":""},"tablet":{"background-color":"","background-image":"","background-repeat":"repeat","background-position":"center center","background-size":"auto","background-attachment":"scroll","background-type":"","background-media":"","overlay-type":"","overlay-color":"","overlay-opacity":"","overlay-gradient":""},"mobile":{"background-color":"","background-image":"","background-repeat":"repeat","background-position":"center center","background-size":"auto","background-attachment":"scroll","background-type":"","background-media":"","overlay-type":"","overlay-color":"","overlay-opacity":"","overlay-gradient":""}},"ast-content-background-meta":{"desktop":{"background-color":"var(--ast-global-color-5)","background-image":"","background-repeat":"repeat","background-position":"center center","background-size":"auto","background-attachment":"scroll","background-type":"","background-media":"","overlay-type":"","overlay-color":"","overlay-opacity":"","overlay-gradient":""},"tablet":{"background-color":"var(--ast-global-color-5)","background-image":"","background-repeat":"repeat","background-position":"center center","background-size":"auto","background-attachment":"scroll","background-type":"","background-media":"","overlay-type":"","overlay-color":"","overlay-opacity":"","overlay-gradient":""},"mobile":{"background-color":"var(--ast-global-color-5)","background-image":"","background-repeat":"repeat","background-position":"center center","background-size":"auto","background-attachment":"scroll","background-type":"","background-media":"","overlay-type":"","overlay-color":"","overlay-opacity":"","overlay-gradient":""}}},"product_cat":[21],"product_tag":[83],"class_list":{"0":"post-2734","1":"product","2":"type-product","3":"status-publish","4":"has-post-thumbnail","6":"product_cat-uncategorized","7":"product_tag-gift-card","8":"desktop-align-left","9":"tablet-align-left","10":"mobile-align-left","12":"first","13":"instock","14":"taxable","15":"shipping-taxable","16":"purchasable","17":"product-type-variable"},"jetpack_sharing_enabled":true,"_links":{"self":[{"href":"https:\/\/dolifemethod.com\/fi\/wp-json\/wp\/v2\/product\/2734","targetHints":{"allow":["GET"]}}],"collection":[{"href":"https:\/\/dolifemethod.com\/fi\/wp-json\/wp\/v2\/product"}],"about":[{"href":"https:\/\/dolifemethod.com\/fi\/wp-json\/wp\/v2\/types\/product"}],"wp:featuredmedia":[{"embeddable":true,"href":"https:\/\/dolifemethod.com\/fi\/wp-json\/wp\/v2\/media\/2763"}],"wp:attachment":[{"href":"https:\/\/dolifemethod.com\/fi\/wp-json\/wp\/v2\/media?parent=2734"}],"wp:term":[{"taxonomy":"product_cat","embeddable":true,"href":"https:\/\/dolifemethod.com\/fi\/wp-json\/wp\/v2\/product_cat?post=2734"},{"taxonomy":"product_tag","embeddable":true,"href":"https:\/\/dolifemethod.com\/fi\/wp-json\/wp\/v2\/product_tag?post=2734"}],"curies":[{"name":"wp","href":"https:\/\/api.w.org\/{rel}","templated":true}]}}