{"id":2703,"date":"2022-10-20T11:20:19","date_gmt":"2022-10-20T11:20:19","guid":{"rendered":"https:\/\/dolifemethod.com\/?post_type=product&#038;p=2703"},"modified":"2023-11-13T00:05:36","modified_gmt":"2023-11-13T00:05:36","slug":"clarify-your-goal-and-mindset-7-day-online-program","status":"publish","type":"product","link":"https:\/\/dolifemethod.com\/fi\/tuote\/clarify-your-goal-and-mindset-7-day-online-program\/","title":{"rendered":"Selkeyt\u00e4 mielesi ja tavoitteesi - 7 p\u00e4iv\u00e4n verkkokurssi"},"content":{"rendered":"<p>7 p\u00e4iv\u00e4n verkkokurssin aiheita:<\/p>\n<ul>\n<li aria-level=\"1\">Sis\u00e4isen kriitikon sel\u00e4tt\u00e4minen<\/li>\n<li aria-level=\"1\">Todellinen min\u00e4<\/li>\n<li aria-level=\"1\">Tulevaisuuden min\u00e4<\/li>\n<li aria-level=\"1\">Tavoitteiden asettaminen<\/li>\n<li aria-level=\"1\">Vitkuttelusta toimintaan<\/li>\n<li aria-level=\"1\">Kiitollisuuden voima<\/li>\n<li aria-level=\"1\">Itsetunto<\/li>\n<\/ul>\n<p>&nbsp;<\/p>","protected":false},"excerpt":{"rendered":"<p><b>T\u00e4m\u00e4 verkkokurssi auttaa sinua selkeytt\u00e4m\u00e4\u00e4n kuka sin\u00e4 haluat olla ja mit\u00e4 haluat saavuttaa.<\/b><\/p>\n<p>Saat ty\u00f6kaluja ja strategioita, jotka auttavat sinua matkallasi kohti tavoitteitasi. Kun p\u00e4\u00e4m\u00e4\u00e4r\u00e4 on selke\u00e4n\u00e4 mieless\u00e4si, kuljet v\u00e4ist\u00e4m\u00e4tt\u00e4 sit\u00e4 kohti.<\/p>\n<p><a href=\"http:\/\/vello.fi\/dolife\/segment\/0b7f47cd\">Varaa maksuton puhelinaika<\/a> Virpilt\u00e4 ja jutellaan tilanteestasi, jos olet kiinnostunut henkil\u00f6kohtaisemmasta terapiasta ja\/tai valmennuksesta.<\/p>","protected":false},"featured_media":2704,"template":"","meta":{"_seopress_robots_primary_cat":"none","_seopress_titles_title":"","_seopress_titles_desc":"","_seopress_robots_index":"","site-sidebar-layout":"default","site-content-layout":"default","ast-site-content-layout":"default","site-content-style":"default","site-sidebar-style":"default","ast-global-header-display":"","ast-banner-title-visibility":"","ast-main-header-display":"","ast-hfb-above-header-display":"","ast-hfb-below-header-display":"","ast-hfb-mobile-header-display":"","site-post-title":"","ast-breadcrumbs-content":"","ast-featured-img":"","footer-sml-layout":"","theme-transparent-header-meta":"default","adv-header-id-meta":"","stick-header-meta":"","header-above-stick-meta":"","header-main-stick-meta":"","header-below-stick-meta":"","astra-migrate-meta-layouts":"set","ast-page-background-enabled":"default","ast-page-background-meta":{"desktop":{"background-color":"var(--ast-global-color-4)","background-image":"","background-repeat":"repeat","background-position":"center center","background-size":"auto","background-attachment":"scroll","background-type":"","background-media":"","overlay-type":"","overlay-color":"","overlay-opacity":"","overlay-gradient":""},"tablet":{"background-color":"","background-image":"","background-repeat":"repeat","background-position":"center center","background-size":"auto","background-attachment":"scroll","background-type":"","background-media":"","overlay-type":"","overlay-color":"","overlay-opacity":"","overlay-gradient":""},"mobile":{"background-color":"","background-image":"","background-repeat":"repeat","background-position":"center center","background-size":"auto","background-attachment":"scroll","background-type":"","background-media":"","overlay-type":"","overlay-color":"","overlay-opacity":"","overlay-gradient":""}},"ast-content-background-meta":{"desktop":{"background-color":"var(--ast-global-color-5)","background-image":"","background-repeat":"repeat","background-position":"center center","background-size":"auto","background-attachment":"scroll","background-type":"","background-media":"","overlay-type":"","overlay-color":"","overlay-opacity":"","overlay-gradient":""},"tablet":{"background-color":"var(--ast-global-color-5)","background-image":"","background-repeat":"repeat","background-position":"center center","background-size":"auto","background-attachment":"scroll","background-type":"","background-media":"","overlay-type":"","overlay-color":"","overlay-opacity":"","overlay-gradient":""},"mobile":{"background-color":"var(--ast-global-color-5)","background-image":"","background-repeat":"repeat","background-position":"center center","background-size":"auto","background-attachment":"scroll","background-type":"","background-media":"","overlay-type":"","overlay-color":"","overlay-opacity":"","overlay-gradient":""}}},"product_cat":[44,39,58,45],"product_tag":[82,49,80,78,29,81,47,46,48],"class_list":{"0":"post-2703","1":"product","2":"type-product","3":"status-publish","4":"has-post-thumbnail","6":"product_cat-dolife-method","7":"product_cat-online-courses","8":"product_cat-online-courses-and-classes","9":"product_cat-therapy-and-coaching","10":"product_tag-clarity","11":"product_tag-coaching","12":"product_tag-goals","13":"product_tag-hypnotherapy","14":"product_tag-irest","15":"product_tag-online-course","16":"product_tag-rtc","17":"product_tag-rtt","18":"product_tag-therapy","19":"desktop-align-left","20":"tablet-align-left","21":"mobile-align-left","23":"first","24":"instock","25":"taxable","26":"shipping-taxable","27":"purchasable","28":"product-type-simple"},"jetpack_sharing_enabled":true,"_links":{"self":[{"href":"https:\/\/dolifemethod.com\/fi\/wp-json\/wp\/v2\/product\/2703","targetHints":{"allow":["GET"]}}],"collection":[{"href":"https:\/\/dolifemethod.com\/fi\/wp-json\/wp\/v2\/product"}],"about":[{"href":"https:\/\/dolifemethod.com\/fi\/wp-json\/wp\/v2\/types\/product"}],"wp:featuredmedia":[{"embeddable":true,"href":"https:\/\/dolifemethod.com\/fi\/wp-json\/wp\/v2\/media\/2704"}],"wp:attachment":[{"href":"https:\/\/dolifemethod.com\/fi\/wp-json\/wp\/v2\/media?parent=2703"}],"wp:term":[{"taxonomy":"product_cat","embeddable":true,"href":"https:\/\/dolifemethod.com\/fi\/wp-json\/wp\/v2\/product_cat?post=2703"},{"taxonomy":"product_tag","embeddable":true,"href":"https:\/\/dolifemethod.com\/fi\/wp-json\/wp\/v2\/product_tag?post=2703"}],"curies":[{"name":"wp","href":"https:\/\/api.w.org\/{rel}","templated":true}]}}