{"id":2282,"date":"2022-08-26T13:39:11","date_gmt":"2022-08-26T13:39:11","guid":{"rendered":"https:\/\/dolifemethod.com\/?post_type=product&#038;p=2282"},"modified":"2022-10-20T10:41:08","modified_gmt":"2022-10-20T10:41:08","slug":"live-with-passion-and-purpose-12-weeks-program","status":"publish","type":"product","link":"https:\/\/dolifemethod.com\/fi\/tuote\/live-with-passion-and-purpose-12-weeks-program\/","title":{"rendered":"Intoa ja tarkoitusta el\u00e4m\u00e4\u00e4n - 12 viikon ohjelma"},"content":{"rendered":"<p>12 viikon ohjelma sis\u00e4lt\u00e4\u00e4<\/p>\n<ul>\n<li aria-level=\"1\">3 RTT sessiota Zoomissa (90-120 min)<\/li>\n<li aria-level=\"1\">Henkil\u00f6kohtainen \u00e4\u00e4nite jokaisen RTT session j\u00e4lkeen<\/li>\n<li aria-level=\"1\">3 coaching session (60 min each) over Zoom<\/li>\n<li aria-level=\"1\">2 iRest\u00ae meditaatio\u00e4\u00e4nitett\u00e4<\/li>\n<li aria-level=\"1\">S\u00e4hk\u00f6postituki<\/li>\n<li aria-level=\"1\">Mahdollisuus lis\u00e4t\u00e4 ohjelmaan jooga- ja hengitysharjoituksia edist\u00e4m\u00e4\u00e4n hyvinvointiasi*<\/li>\n<\/ul>\n<p>*Hinnoitellaan erikseen.<\/p>","protected":false},"excerpt":{"rendered":"<p><b>Luo sellainen tulevaisuus, mink\u00e4 haluat<\/b><\/p>\n<p>T\u00e4m\u00e4 ohjelma auttaa sinua l\u00f6yt\u00e4m\u00e4\u00e4n uudelleen itseluottamuksesi sek\u00e4 vapauden ja ilon.  \nItseluottamuksen palauttaminen vaikuttaa positiivisesti kaikkiin el\u00e4m\u00e4n osa-alueisiin: ty\u00f6h\u00f6n, ihmissuhteisiin, omaan min\u00e4kuvaasi. \nHaluatko sin\u00e4 saada takaisin intohimon el\u00e4m\u00e4\u00e4 kohtaan?<\/p>\n<p>&nbsp;<\/p>\n<p>Ymm\u00e4rt\u00e4minen on todella vaikuttavaa. Kun tied\u00e4t, mik\u00e4 sinua on pid\u00e4tellyt, voit p\u00e4\u00e4st\u00e4 eteenp\u00e4in ja omaksua uusia uskomuksia ja tapoja, jotka tuottavat sinulle toivomiasi pysyvi\u00e4 muutoksia. \nSaat uusia ty\u00f6kaluja ja strategioita, jotka auttavat sinua kohti tavoitteitasi. Jatka eteenp\u00e4in t\u00e4ynn\u00e4 el\u00e4m\u00e4nvoimaa ja tarkoitusta.<\/p>\n<p>&nbsp;<\/p>\n<p>12-viikon ohjelma auttaa sinua l\u00f6yt\u00e4m\u00e4\u00e4n juurisyyn ongelmallesi, on se sitten itseluottamuksen puute, ahdistus, ihmissuhdeongelmat tai jotain muuta. \n\nLuomme sinulle uusia ajatuksia, uskomuksia ja tapoja, jotka muuttavat el\u00e4m\u00e4\u00e4si ja valmistavat sinut saavuttamaan tavoitteesi.<\/p>\n<p>&nbsp;<\/p>\n<p>Usein ihmiset eiv\u00e4t p\u00e4\u00e4se eteenp\u00e4in, koska heit\u00e4 jarruttaa jonkinlainen sis\u00e4inen lukko tai rajoittavat uskomukset.<\/p>\n<p>&nbsp;<\/p>\n<p>Autan sinua p\u00e4\u00e4sem\u00e4\u00e4n irti sis\u00e4isest\u00e4 jumista k\u00e4ytt\u00e4m\u00e4ll\u00e4 hypnoterapiaa (Rapid Transformational Therapy\u00ae) ja valmennusta.  N\u00e4m\u00e4 kaksi menetelm\u00e4\u00e4 auttavat sinua tehokkaasti kehitt\u00e4m\u00e4\u00e4n uusia uskomuksia ja tapoja. P\u00e4\u00e4set rakentamaan vahvempaa tulevaisuutta.<\/p>\n<p>&nbsp;<\/p>\n<ul>\n<li>Rapid Transformational Therapy\u00ae (RTT\u00ae) auttaa poistamaan sinua jarruttavat uskomukset<\/li>\n<li>Valmennus auttaa sinua saavuttamaan tavoitteesi<\/li>\n<li>Option to include iRest\u00ae meditation, breathing exercises and yoga that will assist you on the way to wellbeing<\/li>\n<\/ul>\n<p><a href=\"http:\/\/vello.fi\/dolife\/segment\/0b7f47cd\">Varaa maksuton puhelinaika<\/a> Virpilt\u00e4. Jutellaan sinun tilanteestasi ja mik\u00e4 olisi paras tapa auttaa sinua.<\/p>","protected":false},"featured_media":1930,"template":"","meta":{"_seopress_robots_primary_cat":"","_seopress_titles_title":"","_seopress_titles_desc":"","_seopress_robots_index":"","site-sidebar-layout":"default","site-content-layout":"default","ast-site-content-layout":"","site-content-style":"default","site-sidebar-style":"default","ast-global-header-display":"","ast-banner-title-visibility":"","ast-main-header-display":"","ast-hfb-above-header-display":"","ast-hfb-below-header-display":"","ast-hfb-mobile-header-display":"","site-post-title":"","ast-breadcrumbs-content":"","ast-featured-img":"","footer-sml-layout":"","theme-transparent-header-meta":"default","adv-header-id-meta":"","stick-header-meta":"","header-above-stick-meta":"","header-main-stick-meta":"","header-below-stick-meta":"","astra-migrate-meta-layouts":"default","ast-page-background-enabled":"default","ast-page-background-meta":{"desktop":{"background-color":"var(--ast-global-color-4)","background-image":"","background-repeat":"repeat","background-position":"center center","background-size":"auto","background-attachment":"scroll","background-type":"","background-media":"","overlay-type":"","overlay-color":"","overlay-opacity":"","overlay-gradient":""},"tablet":{"background-color":"","background-image":"","background-repeat":"repeat","background-position":"center center","background-size":"auto","background-attachment":"scroll","background-type":"","background-media":"","overlay-type":"","overlay-color":"","overlay-opacity":"","overlay-gradient":""},"mobile":{"background-color":"","background-image":"","background-repeat":"repeat","background-position":"center center","background-size":"auto","background-attachment":"scroll","background-type":"","background-media":"","overlay-type":"","overlay-color":"","overlay-opacity":"","overlay-gradient":""}},"ast-content-background-meta":{"desktop":{"background-color":"var(--ast-global-color-5)","background-image":"","background-repeat":"repeat","background-position":"center center","background-size":"auto","background-attachment":"scroll","background-type":"","background-media":"","overlay-type":"","overlay-color":"","overlay-opacity":"","overlay-gradient":""},"tablet":{"background-color":"var(--ast-global-color-5)","background-image":"","background-repeat":"repeat","background-position":"center center","background-size":"auto","background-attachment":"scroll","background-type":"","background-media":"","overlay-type":"","overlay-color":"","overlay-opacity":"","overlay-gradient":""},"mobile":{"background-color":"var(--ast-global-color-5)","background-image":"","background-repeat":"repeat","background-position":"center center","background-size":"auto","background-attachment":"scroll","background-type":"","background-media":"","overlay-type":"","overlay-color":"","overlay-opacity":"","overlay-gradient":""}}},"product_cat":[44,45],"product_tag":[49,78,29,47,46,48],"class_list":{"0":"post-2282","1":"product","2":"type-product","3":"status-publish","4":"has-post-thumbnail","6":"product_cat-dolife-method","7":"product_cat-therapy-and-coaching","8":"product_tag-coaching","9":"product_tag-hypnotherapy","10":"product_tag-irest","11":"product_tag-rtc","12":"product_tag-rtt","13":"product_tag-therapy","14":"desktop-align-left","15":"tablet-align-left","16":"mobile-align-left","18":"first","19":"instock","20":"taxable","21":"shipping-taxable","22":"purchasable","23":"product-type-simple"},"jetpack_sharing_enabled":true,"_links":{"self":[{"href":"https:\/\/dolifemethod.com\/fi\/wp-json\/wp\/v2\/product\/2282","targetHints":{"allow":["GET"]}}],"collection":[{"href":"https:\/\/dolifemethod.com\/fi\/wp-json\/wp\/v2\/product"}],"about":[{"href":"https:\/\/dolifemethod.com\/fi\/wp-json\/wp\/v2\/types\/product"}],"wp:featuredmedia":[{"embeddable":true,"href":"https:\/\/dolifemethod.com\/fi\/wp-json\/wp\/v2\/media\/1930"}],"wp:attachment":[{"href":"https:\/\/dolifemethod.com\/fi\/wp-json\/wp\/v2\/media?parent=2282"}],"wp:term":[{"taxonomy":"product_cat","embeddable":true,"href":"https:\/\/dolifemethod.com\/fi\/wp-json\/wp\/v2\/product_cat?post=2282"},{"taxonomy":"product_tag","embeddable":true,"href":"https:\/\/dolifemethod.com\/fi\/wp-json\/wp\/v2\/product_tag?post=2282"}],"curies":[{"name":"wp","href":"https:\/\/api.w.org\/{rel}","templated":true}]}}