{"id":2157,"date":"2022-08-10T10:31:15","date_gmt":"2022-08-10T10:31:15","guid":{"rendered":"https:\/\/dolifemethod.com\/?post_type=product&#038;p=2157"},"modified":"2024-02-10T10:38:09","modified_gmt":"2024-02-10T10:38:09","slug":"break-free-6-weeks-program","status":"publish","type":"product","link":"https:\/\/dolifemethod.com\/fi\/tuote\/break-free-6-weeks-program\/","title":{"rendered":"Vapauta itsesi - \n6 viikon ohjelma"},"content":{"rendered":"<p>6 viikon ohjelma sis\u00e4lt\u00e4\u00e4<\/p>\n<ul>\n<li aria-level=\"1\">2 RTT sessiota Zoomissa (90-120 min)<\/li>\n<li aria-level=\"1\">2 henkil\u00f6kohtaista \u00e4\u00e4nitett\u00e4<\/li>\n<li aria-level=\"1\">1 valmennussessio (60 min) Zoomissa<\/li>\n<li aria-level=\"1\">2 iRest\u00ae meditaatio\u00e4\u00e4nitett\u00e4<\/li>\n<li aria-level=\"1\">S\u00e4hk\u00f6postituki<\/li>\n<li aria-level=\"1\">Mahdollisuus lis\u00e4t\u00e4 ohjelmaan jooga- ja hengitysharjoituksia edist\u00e4m\u00e4\u00e4n hyvinvointiasi*<\/li>\n<\/ul>\n<p>*Hinnoitellaan erikseen.<\/p>","protected":false},"excerpt":{"rendered":"<p><b>Muuta ajattelutapaasi ja p\u00e4\u00e4st\u00e4 irti rajoittavista uskomuksista. Vapaudut el\u00e4m\u00e4\u00e4n onnellisempaa, v\u00e4hemm\u00e4n stressaavaa ja tasapainoisempaa el\u00e4m\u00e4\u00e4.<\/b><\/p>\n<p>L\u00f6yd\u00e4 sinua jarruttaneet asiat ja muuta ajattelutapaasi. T\u00e4ss\u00e4 6 viikon ohjelmassa tuomme esiin el\u00e4m\u00e4\u00e4si rajoittavat uskomukset ja p\u00e4\u00e4st\u00e4mme sinut vapaaksi.<\/p>\n<p>Kun p\u00e4\u00e4st\u00e4t irti sis\u00e4isist\u00e4 esteist\u00e4si, jotka ovat pid\u00e4telleet sinua, pystyt k\u00e4ytt\u00e4m\u00e4\u00e4n koko potentiaaliasi ja el\u00e4m\u00e4\u00e4n sellaista el\u00e4m\u00e4\u00e4, jota sinut on tarkoitettu el\u00e4m\u00e4\u00e4n. L\u00f6yd\u00e4 oma voimasi ja el\u00e4m\u00e4nilo.<\/p>\n<p><a href=\"http:\/\/vello.fi\/dolife\/segment\/0b7f47cd\">Varaa maksuton puhelinaika<\/a> with Virpi to discuss your situation.<\/p>","protected":false},"featured_media":2281,"template":"","meta":{"_seopress_robots_primary_cat":"none","_seopress_titles_title":"","_seopress_titles_desc":"","_seopress_robots_index":"","site-sidebar-layout":"default","site-content-layout":"default","ast-site-content-layout":"default","site-content-style":"default","site-sidebar-style":"default","ast-global-header-display":"","ast-banner-title-visibility":"","ast-main-header-display":"","ast-hfb-above-header-display":"","ast-hfb-below-header-display":"","ast-hfb-mobile-header-display":"","site-post-title":"","ast-breadcrumbs-content":"","ast-featured-img":"","footer-sml-layout":"","theme-transparent-header-meta":"default","adv-header-id-meta":"","stick-header-meta":"","header-above-stick-meta":"","header-main-stick-meta":"","header-below-stick-meta":"","astra-migrate-meta-layouts":"set","ast-page-background-enabled":"default","ast-page-background-meta":{"desktop":{"background-color":"var(--ast-global-color-4)","background-image":"","background-repeat":"repeat","background-position":"center center","background-size":"auto","background-attachment":"scroll","background-type":"","background-media":"","overlay-type":"","overlay-color":"","overlay-opacity":"","overlay-gradient":""},"tablet":{"background-color":"","background-image":"","background-repeat":"repeat","background-position":"center center","background-size":"auto","background-attachment":"scroll","background-type":"","background-media":"","overlay-type":"","overlay-color":"","overlay-opacity":"","overlay-gradient":""},"mobile":{"background-color":"","background-image":"","background-repeat":"repeat","background-position":"center center","background-size":"auto","background-attachment":"scroll","background-type":"","background-media":"","overlay-type":"","overlay-color":"","overlay-opacity":"","overlay-gradient":""}},"ast-content-background-meta":{"desktop":{"background-color":"var(--ast-global-color-5)","background-image":"","background-repeat":"repeat","background-position":"center center","background-size":"auto","background-attachment":"scroll","background-type":"","background-media":"","overlay-type":"","overlay-color":"","overlay-opacity":"","overlay-gradient":""},"tablet":{"background-color":"var(--ast-global-color-5)","background-image":"","background-repeat":"repeat","background-position":"center center","background-size":"auto","background-attachment":"scroll","background-type":"","background-media":"","overlay-type":"","overlay-color":"","overlay-opacity":"","overlay-gradient":""},"mobile":{"background-color":"var(--ast-global-color-5)","background-image":"","background-repeat":"repeat","background-position":"center center","background-size":"auto","background-attachment":"scroll","background-type":"","background-media":"","overlay-type":"","overlay-color":"","overlay-opacity":"","overlay-gradient":""}}},"product_cat":[44,45],"product_tag":[49,78,29,47,46,48],"class_list":{"0":"post-2157","1":"product","2":"type-product","3":"status-publish","4":"has-post-thumbnail","6":"product_cat-dolife-method","7":"product_cat-therapy-and-coaching","8":"product_tag-coaching","9":"product_tag-hypnotherapy","10":"product_tag-irest","11":"product_tag-rtc","12":"product_tag-rtt","13":"product_tag-therapy","14":"desktop-align-left","15":"tablet-align-left","16":"mobile-align-left","18":"first","19":"instock","20":"taxable","21":"shipping-taxable","22":"purchasable","23":"product-type-simple"},"jetpack_sharing_enabled":true,"_links":{"self":[{"href":"https:\/\/dolifemethod.com\/fi\/wp-json\/wp\/v2\/product\/2157","targetHints":{"allow":["GET"]}}],"collection":[{"href":"https:\/\/dolifemethod.com\/fi\/wp-json\/wp\/v2\/product"}],"about":[{"href":"https:\/\/dolifemethod.com\/fi\/wp-json\/wp\/v2\/types\/product"}],"wp:featuredmedia":[{"embeddable":true,"href":"https:\/\/dolifemethod.com\/fi\/wp-json\/wp\/v2\/media\/2281"}],"wp:attachment":[{"href":"https:\/\/dolifemethod.com\/fi\/wp-json\/wp\/v2\/media?parent=2157"}],"wp:term":[{"taxonomy":"product_cat","embeddable":true,"href":"https:\/\/dolifemethod.com\/fi\/wp-json\/wp\/v2\/product_cat?post=2157"},{"taxonomy":"product_tag","embeddable":true,"href":"https:\/\/dolifemethod.com\/fi\/wp-json\/wp\/v2\/product_tag?post=2157"}],"curies":[{"name":"wp","href":"https:\/\/api.w.org\/{rel}","templated":true}]}}