{"id":2610,"date":"2022-09-18T15:52:13","date_gmt":"2022-09-18T15:52:13","guid":{"rendered":"https:\/\/dolifemethod.com\/?page_id=2610"},"modified":"2022-09-18T15:53:26","modified_gmt":"2022-09-18T15:53:26","slug":"testimonials","status":"publish","type":"page","link":"https:\/\/dolifemethod.com\/fi\/testimonials\/","title":{"rendered":"Testimonials"},"content":{"rendered":"<div data-elementor-type=\"wp-page\" data-elementor-id=\"2610\" class=\"elementor elementor-2610\" data-elementor-post-type=\"page\">\n\t\t\t\t\t\t<section class=\"elementor-section elementor-top-section elementor-element elementor-element-3a18fbae elementor-section-content-middle elementor-section-boxed elementor-section-height-default elementor-section-height-default\" data-id=\"3a18fbae\" data-element_type=\"section\" data-settings=\"{&quot;background_background&quot;:&quot;classic&quot;}\">\n\t\t\t\t\t\t\t<div class=\"elementor-background-overlay\"><\/div>\n\t\t\t\t\t\t\t<div class=\"elementor-container elementor-column-gap-wide\">\n\t\t\t\t\t<div class=\"elementor-column elementor-col-100 elementor-top-column elementor-element elementor-element-5d0077ed\" data-id=\"5d0077ed\" data-element_type=\"column\">\n\t\t\t<div class=\"elementor-widget-wrap elementor-element-populated\">\n\t\t\t\t\t\t<div class=\"elementor-element elementor-element-65c9efa7 elementor-widget elementor-widget-heading\" data-id=\"65c9efa7\" data-element_type=\"widget\" data-widget_type=\"heading.default\">\n\t\t\t\t<div class=\"elementor-widget-container\">\n\t\t\t\t\t<h2 class=\"elementor-heading-title elementor-size-default\">Asiakkaiden kokemuksia<\/h2>\t\t\t\t<\/div>\n\t\t\t\t<\/div>\n\t\t\t\t<div class=\"elementor-element elementor-element-26052b54 elementor-testimonial--skin-bubble elementor-testimonial--layout-image_inline elementor-testimonial--align-center elementor-arrows-yes elementor-pagination-type-bullets elementor-widget elementor-widget-testimonial-carousel\" data-id=\"26052b54\" data-element_type=\"widget\" data-settings=\"{&quot;slides_per_view&quot;:&quot;1&quot;,&quot;space_between&quot;:{&quot;unit&quot;:&quot;px&quot;,&quot;size&quot;:0,&quot;sizes&quot;:[]},&quot;slides_to_scroll&quot;:&quot;1&quot;,&quot;show_arrows&quot;:&quot;yes&quot;,&quot;pagination&quot;:&quot;bullets&quot;,&quot;speed&quot;:500,&quot;autoplay&quot;:&quot;yes&quot;,&quot;autoplay_speed&quot;:5000,&quot;loop&quot;:&quot;yes&quot;,&quot;pause_on_hover&quot;:&quot;yes&quot;,&quot;pause_on_interaction&quot;:&quot;yes&quot;,&quot;space_between_tablet&quot;:{&quot;unit&quot;:&quot;px&quot;,&quot;size&quot;:10,&quot;sizes&quot;:[]},&quot;space_between_mobile&quot;:{&quot;unit&quot;:&quot;px&quot;,&quot;size&quot;:10,&quot;sizes&quot;:[]}}\" data-widget_type=\"testimonial-carousel.default\">\n\t\t\t\t<div class=\"elementor-widget-container\">\n\t\t\t\t\t\t\t\t\t<div class=\"elementor-swiper\">\n\t\t\t\t\t<div class=\"elementor-main-swiper swiper\" role=\"region\" aria-roledescription=\"carousel\" aria-label=\"Slides\">\n\t\t\t\t<div class=\"swiper-wrapper\">\n\t\t\t\t\t\t\t\t\t\t\t<div class=\"swiper-slide\" role=\"group\" aria-roledescription=\"slide\">\n\t\t\t\t\t\t\t\t\t<div class=\"elementor-testimonial\">\n\t\t\t\t\t\t\t<div class=\"elementor-testimonial__content\">\n\t\t\t\t\t<div class=\"elementor-testimonial__text\">\n\t\t\t\t\t\t\u201dYksin\u00e4inen avioliitto, n\u00f6yryytt\u00e4v\u00e4 ero, ep\u00e4varmuus miss\u00e4 koti on, lapsen sy\u00f6mish\u00e4iri\u00f6, pomon ahdistelu, ty\u00f6uupumus, lapsen vakava masennus, nuorisopsykiatrien syyllist\u00e4v\u00e4t diagnoosit. Kelvoton. <br><br>Sis\u00e4inen \u00e4\u00e4ni lannisti mielen jo heti aamusta eik\u00e4 lopettanut y\u00f6ll\u00e4k\u00e4\u00e4n. Aiemmassa el\u00e4m\u00e4ss\u00e4 tapahtuneet asiat vaikuttivat jokaiseen uuteen kohtaamiseen ja pienetkin ristiriidat kertyiv\u00e4t vanhojen k\u00e4sittelem\u00e4tt\u00f6mien riitojen p\u00e4\u00e4lle ja tuntuivat kohtuuttoman raskailta. Rintakeh\u00e4ll\u00e4 oli raskas paino, joka puristi. <br><br>Painon tunne muuttui p\u00e4ivitt\u00e4iseksi, enk\u00e4 osannut sanoa mist\u00e4 se johtui. Ihan mik\u00e4 vaan ahdisti, jopa her\u00e4\u00e4minen.<br><br>\n\nTerapiassa alitajuntani muisti asiat, jotka olin painanut pois mielest\u00e4 ja lausui ne julki. Kun ne tuotiin p\u00e4iv\u00e4nvaloon, niiden ep\u00e4oikeudenmukaisuus ja rumuus paljastuivat ja niist\u00e4 aiheutuneet omat johtop\u00e4\u00e4t\u00f6kseni mit\u00e4t\u00f6itiin<br><br>\n\nOlin vapaa ja kevyt. Vuosien aikana kertynyt painolasti poistui. \nIhana pikku Milka l\u00f6ytyi taakan alta ihan ehj\u00e4n\u00e4. <br><br>Nauru ja toiveikkuus palasivat el\u00e4m\u00e4\u00e4ni, kaikki on taas mahdollista.\u201d\n\t\t\t\t\t<\/div>\n\t\t\t\t\t\t\t\t\t<\/div>\n\t\t\t\t\t\t<div class=\"elementor-testimonial__footer\">\n\t\t\t\t\t\t\t\t<cite class=\"elementor-testimonial__cite\"><span class=\"elementor-testimonial__name\">Milka<\/span><span class=\"elementor-testimonial__title\">48-v.<\/span><\/cite>\t\t\t<\/div>\n\t\t<\/div>\n\t\t\t\t\t\t\t\t<\/div>\n\t\t\t\t\t\t\t\t\t\t\t<div class=\"swiper-slide\" role=\"group\" aria-roledescription=\"slide\">\n\t\t\t\t\t\t\t\t\t<div class=\"elementor-testimonial\">\n\t\t\t\t\t\t\t<div class=\"elementor-testimonial__content\">\n\t\t\t\t\t<div class=\"elementor-testimonial__text\">\n\t\t\t\t\t\tKun tulin Virpille hypnoterapiaan, ongelmia riitti: ahdistuneisuus, kriittisyys, ylivirittyneisyys, stressiherkkyys, mielialan vaihtelut, vuorovaikutusongelmat, parisuhdeongelmat.<br><br>\n\nOlin kokeillut aiemmin lyhytkestoisia psykoterapiaa, mutta se ei tuonut helpotusta perimm\u00e4isiin ongelmiin.<br><br>\n\nParasta Virpin kanssa ty\u00f6skentelyss\u00e4 oli \u2013 vaikuttavien tulosten lis\u00e4ksi - h\u00e4nen yst\u00e4v\u00e4llinen, lempe\u00e4, luotettava ja rauhallinen ty\u00f6otteensa. Palvelu sopi omaan el\u00e4m\u00e4ntilanteeseeni, sessiot pidettiin et\u00e4n\u00e4 ja nauhoitusta kuuntelin nukkumaan menness\u00e4.<br><br>\n\nTerapian j\u00e4lkeen olen rauhallisempi, enk\u00e4 \u00e4rsyynny yht\u00e4 herk\u00e4sti, en ole niin impulsiivinen ja reaktiivinen. Parisuhde voi paremmin kuin aikoihin, enk\u00e4 vatvo tekemisi\u00e4ni tai sanomisiani samalla tavalla negatiivisesti kuin ennen terapiaa. Mieliala on tasaisempi. <br><br>\n\nKoen, ett\u00e4 siin\u00e4 terapian aikana sain purettua tunteita, mit\u00e4 menneet kokemukset oli minulle aiheuttaneet. Nyt jotenkin tuntuu, ett\u00e4 olen vapaampi siit\u00e4 tunnetaakasta. Esimerkiksi vihaisuus, joka meinasi usein pursua yli, on laantunut tosi paljon ja tilalle on tullut ennemmin hyv\u00e4ksyv\u00e4 tunne itse\u00e4 ja muita kohtaan.\n\t\t\t\t\t<\/div>\n\t\t\t\t\t\t\t\t\t<\/div>\n\t\t\t\t\t\t<div class=\"elementor-testimonial__footer\">\n\t\t\t\t\t\t\t\t<cite class=\"elementor-testimonial__cite\"><span class=\"elementor-testimonial__name\">Kirsi<\/span><span class=\"elementor-testimonial__title\">38-v.<\/span><\/cite>\t\t\t<\/div>\n\t\t<\/div>\n\t\t\t\t\t\t\t\t<\/div>\n\t\t\t\t\t\t\t\t\t\t\t<div class=\"swiper-slide\" role=\"group\" aria-roledescription=\"slide\">\n\t\t\t\t\t\t\t\t\t<div class=\"elementor-testimonial\">\n\t\t\t\t\t\t\t<div class=\"elementor-testimonial__content\">\n\t\t\t\t\t<div class=\"elementor-testimonial__text\">\n\t\t\t\t\t\t\u201dOlen jo lapsesta asti kokenut painetta k\u00e4ytt\u00e4yty\u00e4 itselleni luonnottomasti. Olin liian vilkas, \u00e4\u00e4nek\u00e4s, haastava tai jotain muuta, mik\u00e4 piti piilottaa. <br><br>\n\nViimeisen kymmenen vuoden aikana ongelma tuli aina vain selke\u00e4mm\u00e4ksi, kun vaimoni jatkuvasti koki joutuvansa el\u00e4m\u00e4\u00e4n jonkun toisen kuin todellisen minun kanssa.\n\nVaikka yritin useiden vuosien ajan ratkaista ongelman itse, se usein vain pahensi tilannetta. <br><br>Kun yritin tarkkailla k\u00e4yt\u00f6st\u00e4ni huomatakseni, jos en toimi omana itsen\u00e4ni, se sai minut usein k\u00e4ytt\u00e4ytym\u00e4\u00e4n vain tavallistakin ep\u00e4luonnollisemmin. K\u00e4vin l\u00e4pi my\u00f6s useampia online-kursseja, joilla oli tarkoitus t\u00e4st\u00e4 ongelmasta p\u00e4\u00e4st\u00e4 eroon. Ne tuottivat usein hetkellisi\u00e4 tuloksia, mutta seuraavaan p\u00e4iv\u00e4\u00e4n menness\u00e4 tilanne oli sama kuin ennenkin.<br><br>\n\nP\u00e4\u00e4tin kokeilla RTT\u00ae:t\u00e4 (Rapid Transformational Therapy\u00ae) l\u00e4hes viimeisen\u00e4 oljenkortena ennen kuin jatkuva itseni sensurointi aiheutti peruuttamattomia ongelmia. Toivoin, ett\u00e4 RTT-sessio tuottaisi eron, jonka v\u00e4hint\u00e4\u00e4nkin huomaisin \u2014 enemp\u00e4\u00e4 en uskaltanut toivoa.<br><br>\n\nHeti session j\u00e4lkeen en tiennyt tapahtuiko juuri mit\u00e4\u00e4n. Seuraavana p\u00e4iv\u00e4n\u00e4 ero oli jo todella selv\u00e4. Aiemmin huomasin vain silloin t\u00e4ll\u00f6in todella antavani itseni olla oma itseni. Session j\u00e4lkeen olen huomannut ne hetket, kun en ole antanut itseni olla oma itseni.<br><br>\n\nHarmi etten kokeillut t\u00e4t\u00e4 jo vuosia sitten.\u201d\t\t\t\t\t<\/div>\n\t\t\t\t\t\t\t\t\t<\/div>\n\t\t\t\t\t\t<div class=\"elementor-testimonial__footer\">\n\t\t\t\t\t\t\t\t<cite class=\"elementor-testimonial__cite\"><span class=\"elementor-testimonial__name\">Ville<\/span><span class=\"elementor-testimonial__title\">32-v.<\/span><\/cite>\t\t\t<\/div>\n\t\t<\/div>\n\t\t\t\t\t\t\t\t<\/div>\n\t\t\t\t\t\t\t\t\t\t\t<div class=\"swiper-slide\" role=\"group\" aria-roledescription=\"slide\">\n\t\t\t\t\t\t\t\t\t<div class=\"elementor-testimonial\">\n\t\t\t\t\t\t\t<div class=\"elementor-testimonial__content\">\n\t\t\t\t\t<div class=\"elementor-testimonial__text\">\n\t\t\t\t\t\t\u201dVirpi on l\u00e4mmin ja intuitiivinen terapeutti . H\u00e4n l\u00f6ysi helposti itsetunto-ongelmieni juurisyyt niin, ett\u00e4 ymm\u00e4rsin niiden vaikutuksen.<br><br> Henkil\u00f6kohtaisen \u00e4\u00e4nitteen avulla olen pystynyt juurruttamaan muutoksen alitajuntaani ja el\u00e4m\u00e4ni on kohentunut tosi paljon!\u201d\t\t\t\t\t<\/div>\n\t\t\t\t\t\t\t\t\t<\/div>\n\t\t\t\t\t\t<div class=\"elementor-testimonial__footer\">\n\t\t\t\t\t\t\t\t<cite class=\"elementor-testimonial__cite\"><span class=\"elementor-testimonial__name\">Sari<\/span><span class=\"elementor-testimonial__title\">39-v.<\/span><\/cite>\t\t\t<\/div>\n\t\t<\/div>\n\t\t\t\t\t\t\t\t<\/div>\n\t\t\t\t\t\t\t\t\t\t\t<div class=\"swiper-slide\" role=\"group\" aria-roledescription=\"slide\">\n\t\t\t\t\t\t\t\t\t<div class=\"elementor-testimonial\">\n\t\t\t\t\t\t\t<div class=\"elementor-testimonial__content\">\n\t\t\t\t\t<div class=\"elementor-testimonial__text\">\n\t\t\t\t\t\tOlin k\u00e4rsinyt itseluottamuksen puutteesta jo jonkin aikaa, ja se esti minua perustamasta omaa yrityst\u00e4. En uskonut itseeni ollenkaan. <br><br>Jo ensimm\u00e4isess\u00e4 keskustelussamme Virpi sai minut rentoutumaan, tuntemaan oloni turvalliseksi niin, ett\u00e4 voin jakaa ja avautua, mik\u00e4 on kaikki osa paranemisprosessia. <br><br>\n\nVirpi on loistava terapeutti. H\u00e4n opasti minua sessiossa l\u00f6yt\u00e4m\u00e4\u00e4n sis\u00e4iset esteet ja auttoi h\u00e4vitt\u00e4m\u00e4\u00e4n ne pois el\u00e4m\u00e4st\u00e4ni. <br><br>\n\nTunnen nyt itseni varmaksi, vapaaksi ja uskon nyt itseeni. Pystyn nyt perustamaan yritykseni luottavaisesti tiet\u00e4en, ett\u00e4 voin uskoa omaan itseeni ja kykyihini. <br><br>\n\nVirpi on ihana terapeutti ja suosittelen l\u00e4mpim\u00e4sti h\u00e4nt\u00e4. H\u00e4n voi muuttaa el\u00e4m\u00e4si tavoilla, joita et ehk\u00e4 olisi uskonut mahdolliseksi.\u201d\t\t\t\t\t<\/div>\n\t\t\t\t\t\t\t\t\t<\/div>\n\t\t\t\t\t\t<div class=\"elementor-testimonial__footer\">\n\t\t\t\t\t\t\t\t<cite class=\"elementor-testimonial__cite\"><span class=\"elementor-testimonial__name\">Emma<\/span><span class=\"elementor-testimonial__title\">37-v. UK<\/span><\/cite>\t\t\t<\/div>\n\t\t<\/div>\n\t\t\t\t\t\t\t\t<\/div>\n\t\t\t\t\t\t\t\t\t\t\t<div class=\"swiper-slide\" role=\"group\" aria-roledescription=\"slide\">\n\t\t\t\t\t\t\t\t\t<div class=\"elementor-testimonial\">\n\t\t\t\t\t\t\t<div class=\"elementor-testimonial__content\">\n\t\t\t\t\t<div class=\"elementor-testimonial__text\">\n\t\t\t\t\t\t\u201dNimeni on Keatyn ja ty\u00f6skentelin Virpin kanssa kehossani asuneen kauhun ja pelon parissa, joka lopulta ilmeni ahdistuksena. <br><br>Koin t\u00e4m\u00e4n koko kehon kauhuna iltaisin ennen nukkumaanmenoa, aloin pelk\u00e4\u00e4m\u00e4\u00e4n ulos menemist\u00e4 iltaisin sek\u00e4 paikkoja, miss\u00e4 oli paljon ihmisi\u00e4. Minulla oli satunnaisia ja voimakkaita ahdistuneisuuskohtauksia ja koin vain jatkuvasti turvattomuuden ja pelon tunnetta kehossani. <br><br>\n\nP\u00e4\u00e4tin ty\u00f6skennell\u00e4 Virpin kanssa, koska minulle on todella t\u00e4rke\u00e4\u00e4 tuntea oloni turvalliseksi terapeutin kanssa.  Minun pit\u00e4\u00e4 my\u00f6s uskoa terapeutin kykyyn kest\u00e4\u00e4 kaikki juttuni, traumani ja pimeyteni. <br><br>\n\nOlen meditoinut vuosia, joten olin kokeillut monia mindfulness-taktiikoita auttaakseni itse\u00e4ni, kokeilin altistusterapiaa ja vain el\u00e4m\u00e4n v\u00e4ltt\u00e4mist\u00e4 ylip\u00e4\u00e4t\u00e4\u00e4n. Mutta tilanne alkoi karata k\u00e4sist\u00e4 ja tarvitsin apua. <br><br>\n\nTy\u00f6skentely Virpin kanssa oli todella helppoa, sujuvaa ja mukavaa heti alusta alkaen. Sessioni oli uskomaton, Virpi sai minut tuntemaan oloni todella turvalliseksi ja tuetuksi koko session ajan.<br><br> Koin suuria l\u00e4pimurtoja, mik\u00e4 on merkinnyt sit\u00e4, ett\u00e4 en en\u00e4\u00e4 koe sit\u00e4 jatkuvaa reunalla olemisen tunnetta. Hoidon j\u00e4lkeen, se on t\u00e4ysin POISSA. En ole tuntenut pelkoa tai kauhua y\u00f6aikaan, ja olen tehnyt asioita, jotka ennen pelottivat minua. <br><br>\n\nTunnen oloni todella upeaksi, tunnen olevani l\u00e4hes voittamaton, sill\u00e4 jos voin selvit\u00e4 tuosta ongelmasta - voin selvit\u00e4 mist\u00e4 vaan! <br><br>Olen niin kiitollinen Virpille ja RTT:lle. Suosittelen ehdottomasti Virpi\u00e4 terapeuttina. H\u00e4n auttoi minut todella suurten ja pelottavien kehossani asuneiden asioiden l\u00e4pi ja tarjosi minulle turvallisen ja kauniin laskeutumispaikan siksi aikaa, kun selvittelimme asiaa yhdess\u00e4.<br><br> Minusta tuntuu, ett\u00e4 voin taas el\u00e4\u00e4 el\u00e4m\u00e4\u00e4ni. Kiitos Virpi \ud83d\ude4f\u201d\t\t\t\t\t<\/div>\n\t\t\t\t\t\t\t\t\t<\/div>\n\t\t\t\t\t\t<div class=\"elementor-testimonial__footer\">\n\t\t\t\t\t\t\t\t<cite class=\"elementor-testimonial__cite\"><span class=\"elementor-testimonial__name\">Keatyn<\/span><span class=\"elementor-testimonial__title\">31-v.<\/span><\/cite>\t\t\t<\/div>\n\t\t<\/div>\n\t\t\t\t\t\t\t\t<\/div>\n\t\t\t\t\t\t\t\t\t<\/div>\n\t\t\t\t\t\t\t\t\t\t\t\t\t\t\t<div class=\"swiper-pagination\"><\/div>\n\t\t\t\t\t\t\t\t\t\t\t\t\t\t\t\t<div class=\"elementor-swiper-button elementor-swiper-button-prev\" role=\"button\" tabindex=\"0\" aria-label=\"Previous\">\n\t\t\t\t\t\t\t<i aria-hidden=\"true\" class=\"eicon-chevron-left\"><\/i>\t\t\t\t\t\t<\/div>\n\t\t\t\t\t\t<div class=\"elementor-swiper-button elementor-swiper-button-next\" role=\"button\" tabindex=\"0\" aria-label=\"Next\">\n\t\t\t\t\t\t\t<i aria-hidden=\"true\" class=\"eicon-chevron-right\"><\/i>\t\t\t\t\t\t<\/div>\n\t\t\t\t\t\t\t\t\t\t\t\t<\/div>\n\t\t\t\t<\/div>\n\t\t\t\t\t\t\t\t<\/div>\n\t\t\t\t<\/div>\n\t\t\t\t\t<\/div>\n\t\t<\/div>\n\t\t\t\t\t<\/div>\n\t\t<\/section>\n\t\t\t\t<\/div>","protected":false},"excerpt":{"rendered":"<p>What Clients Say \u201cA lonely marriage, a humiliating divorce, insecure of where my home is, my child\u2019s eating disorder, sexually harassing boss, severe work exhaustion, my child\u2019s severe depression, the diagnoses of youth psychiatrists pointing a finger at and blaming me. I&#8217;m feeling unfit. My inner voice discouraged me first thing in the morning, and [&hellip;]<\/p>","protected":false},"author":1,"featured_media":0,"parent":0,"menu_order":0,"comment_status":"closed","ping_status":"closed","template":"elementor_header_footer","meta":{"_seopress_robots_primary_cat":"","_seopress_titles_title":"","_seopress_titles_desc":"","_seopress_robots_index":"","site-sidebar-layout":"no-sidebar","site-content-layout":"page-builder","ast-site-content-layout":"","site-content-style":"default","site-sidebar-style":"default","ast-global-header-display":"","ast-banner-title-visibility":"","ast-main-header-display":"","ast-hfb-above-header-display":"","ast-hfb-below-header-display":"","ast-hfb-mobile-header-display":"","site-post-title":"disabled","ast-breadcrumbs-content":"","ast-featured-img":"disabled","footer-sml-layout":"","theme-transparent-header-meta":"","adv-header-id-meta":"","stick-header-meta":"","header-above-stick-meta":"","header-main-stick-meta":"","header-below-stick-meta":"","astra-migrate-meta-layouts":"default","ast-page-background-enabled":"default","ast-page-background-meta":{"desktop":{"background-color":"var(--ast-global-color-4)","background-image":"","background-repeat":"repeat","background-position":"center center","background-size":"auto","background-attachment":"scroll","background-type":"","background-media":"","overlay-type":"","overlay-color":"","overlay-opacity":"","overlay-gradient":""},"tablet":{"background-color":"","background-image":"","background-repeat":"repeat","background-position":"center center","background-size":"auto","background-attachment":"scroll","background-type":"","background-media":"","overlay-type":"","overlay-color":"","overlay-opacity":"","overlay-gradient":""},"mobile":{"background-color":"","background-image":"","background-repeat":"repeat","background-position":"center center","background-size":"auto","background-attachment":"scroll","background-type":"","background-media":"","overlay-type":"","overlay-color":"","overlay-opacity":"","overlay-gradient":""}},"ast-content-background-meta":{"desktop":{"background-color":"var(--ast-global-color-5)","background-image":"","background-repeat":"repeat","background-position":"center center","background-size":"auto","background-attachment":"scroll","background-type":"","background-media":"","overlay-type":"","overlay-color":"","overlay-opacity":"","overlay-gradient":""},"tablet":{"background-color":"var(--ast-global-color-5)","background-image":"","background-repeat":"repeat","background-position":"center center","background-size":"auto","background-attachment":"scroll","background-type":"","background-media":"","overlay-type":"","overlay-color":"","overlay-opacity":"","overlay-gradient":""},"mobile":{"background-color":"var(--ast-global-color-5)","background-image":"","background-repeat":"repeat","background-position":"center center","background-size":"auto","background-attachment":"scroll","background-type":"","background-media":"","overlay-type":"","overlay-color":"","overlay-opacity":"","overlay-gradient":""}},"footnotes":""},"class_list":["post-2610","page","type-page","status-publish","hentry"],"jetpack_sharing_enabled":true,"_links":{"self":[{"href":"https:\/\/dolifemethod.com\/fi\/wp-json\/wp\/v2\/pages\/2610","targetHints":{"allow":["GET"]}}],"collection":[{"href":"https:\/\/dolifemethod.com\/fi\/wp-json\/wp\/v2\/pages"}],"about":[{"href":"https:\/\/dolifemethod.com\/fi\/wp-json\/wp\/v2\/types\/page"}],"author":[{"embeddable":true,"href":"https:\/\/dolifemethod.com\/fi\/wp-json\/wp\/v2\/users\/1"}],"replies":[{"embeddable":true,"href":"https:\/\/dolifemethod.com\/fi\/wp-json\/wp\/v2\/comments?post=2610"}],"version-history":[{"count":4,"href":"https:\/\/dolifemethod.com\/fi\/wp-json\/wp\/v2\/pages\/2610\/revisions"}],"predecessor-version":[{"id":2617,"href":"https:\/\/dolifemethod.com\/fi\/wp-json\/wp\/v2\/pages\/2610\/revisions\/2617"}],"wp:attachment":[{"href":"https:\/\/dolifemethod.com\/fi\/wp-json\/wp\/v2\/media?parent=2610"}],"curies":[{"name":"wp","href":"https:\/\/api.w.org\/{rel}","templated":true}]}}